{"id":5105,"date":"2026-02-11T21:20:28","date_gmt":"2026-02-11T21:20:28","guid":{"rendered":"https:\/\/metaseindicadores.saludtlax.gob.mx\/?page_id=5105"},"modified":"2026-03-27T19:44:47","modified_gmt":"2026-03-27T19:44:47","slug":"acciones-regulatorias-para-disminuir-riesgos-sanitarios-2","status":"publish","type":"page","link":"https:\/\/metaseindicadores.saludtlax.gob.mx\/index.php\/acciones-regulatorias-para-disminuir-riesgos-sanitarios-2\/","title":{"rendered":"ACCIONES REGULATORIAS PARA DISMINUIR RIESGOS SANITARIOS"},"content":{"rendered":"\t\t<div data-elementor-type=\"wp-page\" data-elementor-id=\"5105\" class=\"elementor elementor-5105\" data-elementor-post-type=\"page\">\n\t\t\t\t<div class=\"elementor-element elementor-element-7a2b6d8 e-flex e-con-boxed e-con e-parent\" data-id=\"7a2b6d8\" data-element_type=\"container\" data-core-v316-plus=\"true\">\n\t\t\t\t\t<div class=\"e-con-inner\">\n\t\t\t\t<div class=\"elementor-element elementor-element-b95e2a5 elementor-widget elementor-widget-text-editor\" data-id=\"b95e2a5\" data-element_type=\"widget\" data-widget_type=\"text-editor.default\">\n\t\t\t\t<div class=\"elementor-widget-container\">\n\t\t\t<style>\/*! elementor - v3.20.0 - 26-02-2024 *\/\n.elementor-widget-text-editor.elementor-drop-cap-view-stacked .elementor-drop-cap{background-color:#69727d;color:#fff}.elementor-widget-text-editor.elementor-drop-cap-view-framed .elementor-drop-cap{color:#69727d;border:3px solid;background-color:transparent}.elementor-widget-text-editor:not(.elementor-drop-cap-view-default) .elementor-drop-cap{margin-top:8px}.elementor-widget-text-editor:not(.elementor-drop-cap-view-default) .elementor-drop-cap-letter{width:1em;height:1em}.elementor-widget-text-editor .elementor-drop-cap{float:left;text-align:center;line-height:1;font-size:50px}.elementor-widget-text-editor .elementor-drop-cap-letter{display:inline-block}<\/style>\t\t\t\t<table border=\"1\"><tbody><tr><td style=\"text-align: center;\"><strong>NIVEL<\/strong><\/td><td style=\"text-align: center;\"><strong>OBJETIVOS<\/strong><\/td><td style=\"text-align: center;\"><strong>INDICADORES<\/strong><\/td><td style=\"text-align: center;\"><strong>MEDIOS DE VERIFICACI\u00d3N<\/strong><\/td><td style=\"text-align: center;\"><strong>FRECUENCIA<\/strong><\/td><td style=\"text-align: center;\"><strong>PRIMER <\/strong><br \/><strong>TRIMESTRE<\/strong><\/td><td style=\"text-align: center;\"><strong>SEGUNDO<\/strong><br \/><strong>TRIMESTRE<\/strong><\/td><td style=\"text-align: center;\"><strong>TERCER <\/strong><br \/><strong>TRIMESTRE<\/strong><\/td><td style=\"text-align: center;\"><strong>CUARTO <\/strong><br \/><strong>TRIMESTRE<\/strong><\/td><td style=\"text-align: center;\"><strong>\u00c1REA<\/strong><\/td><\/tr><tr><td>Fin<\/td><td>Contribuci\u00f3n al aumento en la esperanza de vida de la poblaci\u00f3n tlaxcalteca, mediante eficientes mecanismos para la prestaci\u00f3n de Servicios de Salud<\/td><td>\u00cdndice de esperanza de vida al nacer en la Poblaci\u00f3n Tlaxcalteca<\/td><td>Indicadores Sociodemogr\u00e1ficos 2010- 2030 <br \/>Direcci\u00f3n de Infraestructura y Desarrollo<br \/>http:\/\/www.intranet.saludtlax.gob.mx<\/td><td>Anual<\/td><td>\u00a0<\/td><td>\u00a0<\/td><td>\u00a0<\/td><td>\u00a0<\/td><td>Direcci\u00f3n de Infraestructura y Desarrollo<\/td><\/tr><tr><td>Prop\u00f3sito<\/td><td>Promoci\u00f3n de la salud a la poblaci\u00f3n tlaxcalteca, mediante el cumplimiento de forma correcta y eficiente de las metas establecidas en el Acuerdo de Coordinaci\u00f3n<\/td><td>Porcentaje de cumplimiento de las metas establecidas en el Acuerdo de Coordinaci\u00f3n<\/td><td>Reporte del Sistema de Administraci\u00f3n y Evaluaci\u00f3n de Programas (SIADEP) <br \/>Comisi\u00f3n Estatal para la Protecci\u00f3n contra Riesgos Sanitarios del Estado de Tlaxcala<br \/>https:\/\/siadep.cofepris.gob.mx\/inicio<\/td><td>Anual<\/td><td>\u00a0<\/td><td>\u00a0<\/td><td>\u00a0<\/td><td>\u00a0<\/td><td>Comisi\u00f3n Estatal para la Protecci\u00f3n Contra Riesgos Sanitarios del Estado de Tlaxcala<br \/>COEPRIST<\/td><\/tr><tr><td>Componente <br \/>1<\/td><td>Cumplimiento a la Normatividad Sanitaria Vigente por parte de los propietarios de establecimientos<\/td><td>Porcentaje de establecimientos capacitados en base a la Normatividad Sanitaria Vigente<\/td><td>Listado de Establecimientos Capacitados<br \/>Planes de Manejo de Riesgos<br \/>Solicitudes de Usuarios<br \/>Emergencias Sanitarias<br \/>Comisi\u00f3n Estatal para la Protecci\u00f3n contra Riesgos Sanitarios del Estado de Tlaxcala<br \/>https:\/\/coeprist.saludtlax.gob.mx\/index.php\/poa<\/td><td>Trimestral<\/td><td>\u00a0<\/td><td>\u00a0<\/td><td>\u00a0<\/td><td>\u00a0<\/td><td>Comisi\u00f3n Estatal para la Protecci\u00f3n Contra Riesgos Sanitarios del Estado de Tlaxcala<br \/>COEPRIST<\/td><\/tr><tr><td>Componente <br \/>2<\/td><td>Conocimiento de los riesgos sanitarios potenciales que se encuentran en el Estado<\/td><td>\u00cdndice de riesgo identificado a partir de los mapas de riesgo<\/td><td>Planes de Manejo de Riesgos<br \/>Comisi\u00f3n Estatal para la Protecci\u00f3n contra Riesgos Sanitarios del Estado de Tlaxcala<br \/>https:\/\/coeprist.saludtlax.gob.mx\/index.php\/poa<\/td><td>Anual<\/td><td>\u00a0<\/td><td>\u00a0<\/td><td>\u00a0<\/td><td>\u00a0<\/td><td>Comisi\u00f3n Estatal para la Protecci\u00f3n Contra Riesgos Sanitarios del Estado de Tlaxcala<br \/>COEPRIST<\/td><\/tr><tr><td>Componente <br \/>3<\/td><td>Cobertura para Verificaciones Sanitarias a Establecimientos de Productos y Servicios, Salud Ambiental, Insumos para la Salud, Atenci\u00f3n M\u00e9dica y Publicidad<\/td><td>Porcentaje de Visitas de Verificaci\u00f3n Realizadas a Establecimientos<\/td><td>Relaci\u00f3n de \u00d3rdenes de Verificaci\u00f3n General Realizadas <br \/>Comisi\u00f3n Estatal para la Protecci\u00f3n contra Riesgos Sanitarios del Estado de Tlaxcala<br \/>https:\/\/coeprist.saludtlax.gob.mx\/index.php\/poa<\/td><td>Mensual<\/td><td>\u00a0<\/td><td>\u00a0<\/td><td>\u00a0<\/td><td>\u00a0<\/td><td>Comisi\u00f3n Estatal para la Protecci\u00f3n Contra Riesgos Sanitarios del Estado de Tlaxcala<br \/>COEPRIST<\/td><\/tr><tr><td>Componente<br \/>4<\/td><td>Procedimientos Jur\u00eddico Administrativos Concluidos<\/td><td>Porcentaje de Procedimientos Jur\u00eddico Administrativos Concluidos<\/td><td>Informe SISPA (Resoluciones, Acuerdos dentro de norma y Exhortos)<br \/>Comisi\u00f3n Estatal para la Protecci\u00f3n contra Riesgos Sanitarios del Estado de Tlaxcala<br \/>https:\/\/coeprist.saludtlax.gob.mx\/index.php\/poa<\/td><td>Trimestral<\/td><td>\u00a0<\/td><td>\u00a0<\/td><td>\u00a0<\/td><td>\u00a0<\/td><td>Comisi\u00f3n Estatal para la Protecci\u00f3n Contra Riesgos Sanitarios del Estado de Tlaxcala<br \/>COEPRIST<\/td><\/tr><tr><td>Componente <br \/>5<\/td><td>Mejora en la Calidad del Agua para el uso y consumo humano<\/td><td>Porcentaje de Visitas de Verificaci\u00f3n a los Sistemas de Abastecimiento de Agua<\/td><td>\u00d3rden de Verificaci\u00f3n de Sistemas de Abastecimiento de Agua<br \/>Comisi\u00f3n Estatal para la Protecci\u00f3n contra Riesgos Sanitarios del Estado de Tlaxcala<br \/>https:\/\/coeprist.saludtlax.gob.mx\/index.php\/poa<\/td><td>Anual<\/td><td>\u00a0<\/td><td>\u00a0<\/td><td>\u00a0<\/td><td>\u00a0<\/td><td>Comisi\u00f3n Estatal para la Protecci\u00f3n Contra Riesgos Sanitarios del Estado de Tlaxcala<br \/>COEPRIST<\/td><\/tr><tr><td>Actividad 1.1<\/td><td>Capacitaci\u00f3n sobre la Normatividad Sanitaria vigente<\/td><td>Porcentaje de Capacitaciones Realizadas de la Normatividad Sanitaria Vigente<\/td><td>Carta Descriptiva, Evaluaciones Iniciales y Finales de acuerdo a materia, Listado de asistentes a las capacitaciones de cualquier materia y Evidencia Fotogr\u00e1fica de las capacitaciones realizadas <br \/>Comisi\u00f3n Estatal para la Protecci\u00f3n contra Riesgos Sanitarios del Estado de Tlaxcala<br \/>https:\/\/coeprist.saludtlax.gob.mx\/index.php\/poa<\/td><td>Trimestral<\/td><td>\u00a0<\/td><td>\u00a0<\/td><td>\u00a0<\/td><td>\u00a0<\/td><td>Comisi\u00f3n Estatal para la Protecci\u00f3n Contra Riesgos Sanitarios del Estado de Tlaxcala<br \/>COEPRIST<\/td><\/tr><tr><td>Actividad 1.2<\/td><td>Difusi\u00f3n de las Normas Sanitarias Vigente a trav\u00e9s de material impreso a establecimientos y poblaci\u00f3n interesada<\/td><td>Porcentaje de Material de Difusi\u00f3n Impreso entregado a la poblaci\u00f3n y establecimientos<\/td><td>Lista de Asistencia y Evidencia Fotogr\u00e1fica <br \/>Comisi\u00f3n Estatal para la Protecci\u00f3n contra Riesgos Sanitarios del Estado de Tlaxcala<br \/>https:\/\/coeprist.saludtlax.gob.mx\/index.php\/poa<\/td><td>Otro Per\u00edodo<\/td><td>\u00a0<\/td><td>\u00a0<\/td><td>\u00a0<\/td><td>\u00a0<\/td><td>Comisi\u00f3n Estatal para la Protecci\u00f3n Contra Riesgos Sanitarios del Estado de Tlaxcala<br \/>COEPRIST<\/td><\/tr><tr><td>Actividad 1.3<\/td><td>Actualizaci\u00f3n del personal de la COEPRIST sobre la Normatividad Sanitaria Vigente a trav\u00e9s de Cursos Estatales, Nacionales Y Videoconferencias<\/td><td>Porcentaje de Capacitaciones efectuadas para el personal de la COEPRIST en Prevenci\u00f3n Sanitaria<\/td><td>Relaci\u00f3n de Listas de Asistencia de Personal a las Capacitaciones <br \/>Comisi\u00f3n Estatal para la Protecci\u00f3n contra Riesgos Sanitarios del Estado de Tlaxcala<br \/>https:\/\/coeprist.saludtlax.gob.mx\/index.php\/poa<\/td><td>Mensual<\/td><td>\u00a0<\/td><td>\u00a0<\/td><td>\u00a0<\/td><td>\u00a0<\/td><td>Comisi\u00f3n Estatal para la Protecci\u00f3n Contra Riesgos Sanitarios del Estado de Tlaxcala<br \/>COEPRIST<\/td><\/tr><tr><td>Actividad 2.1<\/td><td>Elaboraci\u00f3n y Actualizaci\u00f3n de los Planes de Manejo de Riesgos Sanitarios<\/td><td>Porcentaje de Planes de Manejo de Riesgo Elaborados<\/td><td>Planes de Manejo de Riesgos Entregados <br \/>Comisi\u00f3n Estatal para la Protecci\u00f3n contra Riesgos Sanitarios del Estado de Tlaxcala<br \/>https:\/\/coeprist.saludtlax.gob.mx\/index.php\/poa<\/td><td>Anual<\/td><td>\u00a0<\/td><td>\u00a0<\/td><td>\u00a0<\/td><td>\u00a0<\/td><td>Comisi\u00f3n Estatal para la Protecci\u00f3n Contra Riesgos Sanitarios del Estado de Tlaxcala<br \/>COEPRIST<\/td><\/tr><tr><td>Actividad 2.2<\/td><td>Elaboraci\u00f3n de Mapas de Riesgos con base al an\u00e1lisis de resultados del muestreo en las Materias de Productos y Servicios y Salud Ambiental<\/td><td>Porcentaje de Mapas de Riesgo Actualizados de las materias Productos y Servicios y Salud Ambiental<\/td><td>Mapas de Riesgos Actualizados y Entregados<br \/>Comisi\u00f3n Estatal para la Protecci\u00f3n contra Riesgos Sanitarios del Estado de Tlaxcala<br \/>https:\/\/coeprist.saludtlax.gob.mx\/index.php\/poa<\/td><td>Trimestral<\/td><td>\u00a0<\/td><td>\u00a0<\/td><td>\u00a0<\/td><td>\u00a0<\/td><td>Comisi\u00f3n Estatal para la Protecci\u00f3n Contra Riesgos Sanitarios del Estado de Tlaxcala<br \/>COEPRIST<\/td><\/tr><tr><td>Actividad 2.3<\/td><td>Elaboraci\u00f3n de Mapas de Riesgos con base al an\u00e1lisis de Actas de Verificaci\u00f3n en las Materias de Insumos para la Salud y Atenci\u00f3n M\u00e9dica<\/td><td>Porcentaje de Mapas de Riesgo Actualizados de las materias Insumos para la Salud y Atenci\u00f3n M\u00e9dica<\/td><td>Mapas de Riesgos Actualizados y Entregados<br \/>Comisi\u00f3n Estatal para la Protecci\u00f3n contra Riesgos Sanitarios del Estado de Tlaxcala<br \/>https:\/\/coeprist.saludtlax.gob.mx\/index.php\/poa<\/td><td>Trimestral<\/td><td>\u00a0<\/td><td>\u00a0<\/td><td>\u00a0<\/td><td>\u00a0<\/td><td>Comisi\u00f3n Estatal para la Protecci\u00f3n Contra Riesgos Sanitarios del Estado de Tlaxcala<br \/>COEPRIST<\/td><\/tr><tr><td>Actividad 3.1<\/td><td>Ejecuci\u00f3n de Visitas de Verificaci\u00f3n con Videograbaci\u00f3n a los Establecimientos<\/td><td>Porcentaje de Visitas de Verificaci\u00f3n con Videograbaci\u00f3n<\/td><td>\u00d3rdenes de Actas de Verificaci\u00f3n recibidas<br \/>Comisi\u00f3n Estatal para la Protecci\u00f3n contra Riesgos Sanitarios del Estado de Tlaxcala<br \/>https:\/\/coeprist.saludtlax.gob.mx\/index.php\/poa<\/td><td>Mensual<\/td><td>\u00a0<\/td><td>\u00a0<\/td><td>\u00a0<\/td><td>\u00a0<\/td><td>Comisi\u00f3n Estatal para la Protecci\u00f3n Contra Riesgos Sanitarios del Estado de Tlaxcala<br \/>COEPRIST<\/td><\/tr><tr><td>Actividad 3.2<\/td><td>Comprobaci\u00f3n y verificaci\u00f3n del cumplimiento de la Normatividad Sanitaria Vigente posterior a la Visita de Verificaci\u00f3n<\/td><td>Porcentaje de Comprobaciones Realizadas<\/td><td>\u00d3rdenes de Actas de Comprobaci\u00f3n realizadas (Retiro de Sellos)<br \/>Comisi\u00f3n Estatal para la Protecci\u00f3n contra Riesgos Sanitarios del Estado de Tlaxcala<br \/>https:\/\/coeprist.saludtlax.gob.mx\/index.php\/poa<\/td><td>Mensual<\/td><td>\u00a0<\/td><td>\u00a0<\/td><td>\u00a0<\/td><td>\u00a0<\/td><td>Comisi\u00f3n Estatal para la Protecci\u00f3n Contra Riesgos Sanitarios del Estado de Tlaxcala<br \/>COEPRIST<\/td><\/tr><tr><td>Actividad 3.3<\/td><td>Toma de muestreos de las materias Productos y Servicios y Salud Ambiental<\/td><td>Porcentaje de muestras tomadas de Productos y Servicios y Salud Ambiental<\/td><td>Informe de Resultados de las Muestras Tomadas<br \/>Comisi\u00f3n Estatal para la Protecci\u00f3n contra Riesgos Sanitarios del Estado de Tlaxcala<br \/>https:\/\/coeprist.saludtlax.gob.mx\/index.php\/poa<\/td><td>Mensual<\/td><td>\u00a0<\/td><td>\u00a0<\/td><td>\u00a0<\/td><td>\u00a0<\/td><td>Comisi\u00f3n Estatal para la Protecci\u00f3n Contra Riesgos Sanitarios del Estado de Tlaxcala<br \/>COEPRIST<\/td><\/tr><tr><td>Actividad 3.4<\/td><td>Ejecuci\u00f3n de Operativos de Visitas de Verificaci\u00f3n a los Establecimientos de Productos y Servicios, Salud Ambiental, Insumos para la Salud, Atenci\u00f3n M\u00e9dica<\/td><td>Porcentaje de Operativos de Visitas de Verificaci\u00f3n a Establecimientos<\/td><td>Relaci\u00f3n de Operativos Realizados <br \/>Comisi\u00f3n Estatal para la Protecci\u00f3n contra Riesgos Sanitarios del Estado de Tlaxcala<br \/>https:\/\/coeprist.saludtlax.gob.mx\/index.php\/poa<\/td><td>Mensual<\/td><td>\u00a0<\/td><td>\u00a0<\/td><td>\u00a0<\/td><td>\u00a0<\/td><td>Comisi\u00f3n Estatal para la Protecci\u00f3n Contra Riesgos Sanitarios del Estado de Tlaxcala<br \/>COEPRIST<\/td><\/tr><tr><td>Actividad 4.1<\/td><td>Emisi\u00f3n de Dict\u00e1menes de Visitas de Verificaci\u00f3n para asegurar el cumplimiento a la Normatividad Sanitaria Vigente<\/td><td>Porcentaje de Dict\u00e1menes Emitidos<\/td><td>Informe Mensual del SISPA<br \/>Comisi\u00f3n Estatal para la Protecci\u00f3n contra Riesgos Sanitarios del Estado de Tlaxcala<br \/>https:\/\/coeprist.saludtlax.gob.mx\/index.php\/poa<\/td><td>Mensual<\/td><td>\u00a0<\/td><td>\u00a0<\/td><td>\u00a0<\/td><td>\u00a0<\/td><td>Comisi\u00f3n Estatal para la Protecci\u00f3n Contra Riesgos Sanitarios del Estado de Tlaxcala<br \/>COEPRIST<\/td><\/tr><tr><td>Actividad 4.2<\/td><td>Emisi\u00f3n de Acuerdos de Visitas de Verificaci\u00f3n de Comprobaci\u00f3n para asegurar el cumplimiento a la Normatividad Sanitaria Vigente<\/td><td>Porcentaje de Acuerdos de Visitas de Comprobaci\u00f3n Emitidos<\/td><td>Informe Mensual del SISPA, (retiro de sellos)<br \/>Libro de Registro <br \/>Comisi\u00f3n Estatal para la Protecci\u00f3n contra Riesgos Sanitarios del Estado de Tlaxcalahttps:\/\/coeprist.saludtlax.gob.mx\/index.php\/poa<\/td><td>Mensual<\/td><td>\u00a0<\/td><td>\u00a0<\/td><td>\u00a0<\/td><td>\u00a0<\/td><td>Comisi\u00f3n Estatal para la Protecci\u00f3n Contra Riesgos Sanitarios del Estado de Tlaxcala<br \/>COEPRIST<\/td><\/tr><tr><td>Actividad 4.3<\/td><td>Notificaci\u00f3n de Dictamenes Jur\u00eddico Administrativos<\/td><td>Porcentaje de Notificaciones de Dictamenes Jur\u00eddico Administrativos<\/td><td>Bit\u00e1cora de Notificaciones<br \/>Comisi\u00f3n Estatal para la Protecci\u00f3n contra Riesgos Sanitarios del Estado de Tlaxcala<br \/>https:\/\/coeprist.saludtlax.gob.mx\/index.php\/poa<\/td><td>Mensual<\/td><td>\u00a0<\/td><td>\u00a0<\/td><td>\u00a0<\/td><td>\u00a0<\/td><td>Comisi\u00f3n Estatal para la Protecci\u00f3n Contra Riesgos Sanitarios del Estado de Tlaxcala<br \/>COEPRIST<\/td><\/tr><tr><td>Actividad 4.4<\/td><td>Participaci\u00f3n en Jornadas de Saneamiento B\u00e1sico en distintas localidades para la Prevenci\u00f3n de la Contaminaci\u00f3n de Suelo, Agua y Aire<\/td><td>Porcentaje de Jornadas de Saneamiento B\u00e1sico Realizadas<\/td><td>Informe de Indicadores de Saneamiento B\u00e1sico.<br \/>Comisi\u00f3n Estatal para la Protecci\u00f3n contra Riesgos Sanitarios del Estado de Tlaxcala<br \/>https:\/\/coeprist.saludtlax.gob.mx\/index.php\/poa<\/td><td>Otro Per\u00edodo<\/td><td>\u00a0<\/td><td>\u00a0<\/td><td>\u00a0<\/td><td>\u00a0<\/td><td>Comisi\u00f3n Estatal para la Protecci\u00f3n Contra Riesgos Sanitarios del Estado de Tlaxcala<br \/>COEPRIST<\/td><\/tr><tr><td>Actividad 5.1<\/td><td>Suministro de Hipoclorito de Calcio a las comunidades identificadas para la Cloraci\u00f3n Manual<\/td><td>Porcentaje de Hipoclorito de Calcio Suministrado<\/td><td>Bit\u00e1cora de Suministro de Hipoclorito de Calcio <br \/>Comisi\u00f3n Estatal para la Protecci\u00f3n contra Riesgos Sanitarios del Estado de Tlaxcala<br \/>https:\/\/coeprist.saludtlax.gob.mx\/index.php\/poa<\/td><td>Otro Per\u00edodo<\/td><td>\u00a0<\/td><td>\u00a0<\/td><td>\u00a0<\/td><td>\u00a0<\/td><td>Comisi\u00f3n Estatal para la Protecci\u00f3n Contra Riesgos Sanitarios del Estado de Tlaxcala<br \/>COEPRIST<\/td><\/tr><tr><td>Actividad 5.2<\/td><td>Suministro de Hipoclorito de Sodio a los Centros de Acopio en el Estado<\/td><td>Porcentaje de Hipoclorito de Sodio a los Centros de Acopio en el Estado.\u00a0<\/td><td>Bit\u00e1cora de Suministro de Hipoclorito de Sodio.<br \/>Comisi\u00f3n Estatal para la Protecci\u00f3n contra Riesgos Sanitarios del Estado de Tlaxcala<br \/>https:\/\/coeprist.saludtlax.gob.mx\/index.php\/poa<\/td><td>Mensual<\/td><td>\u00a0<\/td><td>\u00a0<\/td><td>\u00a0<\/td><td>\u00a0<\/td><td>Comisi\u00f3n Estatal para la Protecci\u00f3n Contra Riesgos Sanitarios del Estado de Tlaxcala<br \/>COEPRIST<\/td><\/tr><tr><td>Actividad 5.3<\/td><td>Monitoreo de la Calidad del Agua mediante la Cloraci\u00f3n<\/td><td>Porcentaje de Monitoreos de Cloro Residual en Sistemas de Abastecimiento de Agua<\/td><td>Informe Mensual del Proyecto de Agua de Calidad Bacteriol\u00f3gica<br \/>Comisi\u00f3n Estatal para la Protecci\u00f3n contra Riesgos Sanitarios del Estado de Tlaxcala<br \/>https:\/\/coeprist.saludtlax.gob.mx\/index.php\/poa<\/td><td>Mensual<\/td><td>\u00a0<\/td><td>\u00a0<\/td><td>\u00a0<\/td><td>\u00a0<\/td><td>Comisi\u00f3n Estatal para la Protecci\u00f3n Contra Riesgos Sanitarios del Estado de Tlaxcala<br \/>COEPRIST<\/td><\/tr><tr><td>Actividad 5.4<\/td><td>Certificaci\u00f3n de la Calidad del Agua en los Sistemas de Abastecimiento de Agua<\/td><td>Porcentaje de Certificados de calidad entregados a los Sistemas de Abastecimiento de Agua del Estado<\/td><td>Certificados de Calidad del Agua <br \/>Comisi\u00f3n Estatal para la Protecci\u00f3n contra Riesgos Sanitarios del Estado de Tlaxcala<br \/>https:\/\/coeprist.saludtlax.gob.mx\/index.php\/poa<\/td><td>Anual<\/td><td>\u00a0<\/td><td>\u00a0<\/td><td>\u00a0<\/td><td>\u00a0<\/td><td>Comisi\u00f3n Estatal para la Protecci\u00f3n Contra Riesgos Sanitarios del Estado de Tlaxcala<br \/>COEPRIST<\/td><\/tr><\/tbody><\/table><p>\u00a0<\/p>\t\t\t\t\t\t<\/div>\n\t\t\t\t<\/div>\n\t\t\t\t\t<\/div>\n\t\t\t\t<\/div>\n\t\t<div class=\"elementor-element elementor-element-2470ddd e-flex e-con-boxed e-con e-parent\" data-id=\"2470ddd\" data-element_type=\"container\" data-core-v316-plus=\"true\">\n\t\t\t\t\t<div class=\"e-con-inner\">\n\t\t\t\t<div class=\"elementor-element elementor-element-caa3141 elementor-widget elementor-widget-text-editor\" data-id=\"caa3141\" data-element_type=\"widget\" data-widget_type=\"text-editor.default\">\n\t\t\t\t<div class=\"elementor-widget-container\">\n\t\t\t\t\t\t\t<p>Lorem ipsum dolor sit amet, consectetur adipiscing elit. Ut elit tellus, luctus nec ullamcorper mattis, pulvinar dapibus leo.<\/p>\t\t\t\t\t\t<\/div>\n\t\t\t\t<\/div>\n\t\t\t\t\t<\/div>\n\t\t\t\t<\/div>\n\t\t\t\t<\/div>\n\t\t","protected":false},"excerpt":{"rendered":"<p>NIVEL OBJETIVOS INDICADORES MEDIOS DE VERIFICACI\u00d3N FRECUENCIA PRIMER TRIMESTRE SEGUNDOTRIMESTRE TERCER TRIMESTRE CUARTO TRIMESTRE \u00c1REA Fin Contribuci\u00f3n al aumento en la esperanza de vida de la poblaci\u00f3n tlaxcalteca, mediante eficientes mecanismos para la prestaci\u00f3n de Servicios de Salud \u00cdndice de esperanza de vida al nacer en la Poblaci\u00f3n Tlaxcalteca Indicadores Sociodemogr\u00e1ficos 2010- 2030 Direcci\u00f3n de [&hellip;]<\/p>\n","protected":false},"author":5,"featured_media":0,"parent":0,"menu_order":0,"comment_status":"closed","ping_status":"closed","template":"","meta":{"footnotes":""},"class_list":["post-5105","page","type-page","status-publish","hentry"],"_links":{"self":[{"href":"https:\/\/metaseindicadores.saludtlax.gob.mx\/index.php\/wp-json\/wp\/v2\/pages\/5105","targetHints":{"allow":["GET"]}}],"collection":[{"href":"https:\/\/metaseindicadores.saludtlax.gob.mx\/index.php\/wp-json\/wp\/v2\/pages"}],"about":[{"href":"https:\/\/metaseindicadores.saludtlax.gob.mx\/index.php\/wp-json\/wp\/v2\/types\/page"}],"author":[{"embeddable":true,"href":"https:\/\/metaseindicadores.saludtlax.gob.mx\/index.php\/wp-json\/wp\/v2\/users\/5"}],"replies":[{"embeddable":true,"href":"https:\/\/metaseindicadores.saludtlax.gob.mx\/index.php\/wp-json\/wp\/v2\/comments?post=5105"}],"version-history":[{"count":11,"href":"https:\/\/metaseindicadores.saludtlax.gob.mx\/index.php\/wp-json\/wp\/v2\/pages\/5105\/revisions"}],"predecessor-version":[{"id":5640,"href":"https:\/\/metaseindicadores.saludtlax.gob.mx\/index.php\/wp-json\/wp\/v2\/pages\/5105\/revisions\/5640"}],"wp:attachment":[{"href":"https:\/\/metaseindicadores.saludtlax.gob.mx\/index.php\/wp-json\/wp\/v2\/media?parent=5105"}],"curies":[{"name":"wp","href":"https:\/\/api.w.org\/{rel}","templated":true}]}}