{"id":1294,"date":"2024-08-15T16:23:16","date_gmt":"2024-08-15T16:23:16","guid":{"rendered":"https:\/\/metaseindicadores.saludtlax.gob.mx\/?page_id=1294"},"modified":"2024-11-07T19:07:25","modified_gmt":"2024-11-07T19:07:25","slug":"transferencia-de-recursos-de-o-p-d-salud-de-tlaxcala-a-fonsabi-2024","status":"publish","type":"page","link":"https:\/\/metaseindicadores.saludtlax.gob.mx\/index.php\/transferencia-de-recursos-de-o-p-d-salud-de-tlaxcala-a-fonsabi-2024\/","title":{"rendered":"TRANSFERENCIA DE RECURSOS DE O.P.D SALUD DE TLAXCALA A FONSABI 2024"},"content":{"rendered":"\t\t<div data-elementor-type=\"wp-page\" data-elementor-id=\"1294\" class=\"elementor elementor-1294\" data-elementor-post-type=\"page\">\n\t\t\t\t<div class=\"elementor-element elementor-element-684bc78 e-flex e-con-boxed e-con e-parent\" data-id=\"684bc78\" data-element_type=\"container\" data-core-v316-plus=\"true\">\n\t\t\t\t\t<div class=\"e-con-inner\">\n\t\t\t\t<div class=\"elementor-element elementor-element-aa9f8c8 elementor-widget elementor-widget-text-editor\" data-id=\"aa9f8c8\" data-element_type=\"widget\" data-widget_type=\"text-editor.default\">\n\t\t\t\t<div class=\"elementor-widget-container\">\n\t\t\t<style>\/*! elementor - v3.20.0 - 26-02-2024 *\/\n.elementor-widget-text-editor.elementor-drop-cap-view-stacked .elementor-drop-cap{background-color:#69727d;color:#fff}.elementor-widget-text-editor.elementor-drop-cap-view-framed .elementor-drop-cap{color:#69727d;border:3px solid;background-color:transparent}.elementor-widget-text-editor:not(.elementor-drop-cap-view-default) .elementor-drop-cap{margin-top:8px}.elementor-widget-text-editor:not(.elementor-drop-cap-view-default) .elementor-drop-cap-letter{width:1em;height:1em}.elementor-widget-text-editor .elementor-drop-cap{float:left;text-align:center;line-height:1;font-size:50px}.elementor-widget-text-editor .elementor-drop-cap-letter{display:inline-block}<\/style>\t\t\t\t<table border=\"1\"><tbody><tr><td>NIVEL<\/td><td>OBJETIVO<\/td><td>INDICADOR<\/td><td>MEDIOS DE VERIFICACI\u00d3N<\/td><td>FRECUENCIA<\/td><td>PRIMER<br \/>TRIMESTRE<\/td><td>SEGUNDO<br \/>TRIMESTRE<\/td><td>TERCER<br \/>TRIMESTRES<\/td><td>CUARTO<br \/>TRIMESTRE<\/td><td>\u00c1REA<\/td><\/tr><tr><td>FIN<\/td><td>CONTRIBUIR AL AUMNETO EN LA ESPERANZA DE VIDA DE LA POBLACI\u00d3N TLAXCALTECA MEDIANTE EFICIENTES MECANISMOS PARA LA PRESTACI\u00d3N DE SERVICIOS DE SALUD<\/td><td>\u00cdNDICE DE ESPERANZA ESTATAL DE VIDA AL NACER EN LA POBLACI\u00d3N TLAXCALTECA<\/td><td>PROYECCIONES DE POBLACI\u00d3N VIGENTES, CONAPO<br \/>http:\/\/www.conapo.gob.mx<\/td><td>ANUAL<\/td><td>\u00a0<\/td><td>\u00a0<\/td><td>\u00a0<\/td><td>\u00a0<\/td><td>DIRECCI\u00d3N DE INFRAESTRUCTURA Y DESARROLLO<\/td><\/tr><tr><td>PROP\u00d3SITO<\/td><td>LA POBLACI\u00d3N TLAXCALTECA QUE NO CUENTA CON EMPLEO FORMAL O QUE NO EST\u00c1 INCORPORADA EN ALG\u00daN R\u00c9GIMEN DE SEGURIDAD SOCIAL DISPONE DE EFICIENTES MECANISMOS PARA LA PRESTACI\u00d3N DE SERVICIOS DE SALUD<\/td><td>TASA DE MORTALIDAD GENERAL DE LA POBLACI\u00d3N TLAXCALTECA<\/td><td>INDICADORES SOCIODEMOGR\u00c1FICOS 2010-2030<br \/>http:\/\/www.intranet.saludtlax.gob.mx\/index.php\/maccesolibre01<\/td><td>ANUAL<\/td><td>\u00a0<\/td><td>\u00a0<\/td><td>\u00a0<\/td><td>\u00a0<\/td><td>DIRECCI\u00d3N DE INFRAESTRUCTURA Y DESARROLLO<\/td><\/tr><tr><td>COMPONENTE 1<\/td><td>SUFICIENTES RECURSOS PRESUPUESTALES Y FUENTES DE FINANCIAMIENTO OTORGADOS AL OPD SALUD DE TLAXCALA PARA QUE EL IMSS BIENESTAR GARANTICE EL DERECHO A LA SALUD DE LAS PERSONASSIN SEGURIDAD SOCIAL<\/td><td>PORCENTAJE DE AUTONOM\u00cdA FINANCIERA FEDERAL PARA LOS SERVICIOS DE SALIUD<\/td><td>REPORTE DE AVANCE DE METAS E INDICADORES<\/td><td>ANUAL<\/td><td>\u00a0<\/td><td>\u00a0<\/td><td>\u00a0<\/td><td>\u00a0<\/td><td>DIRECCI\u00d3N DE ADMINISTRACI\u00d3N<\/td><\/tr><tr><td>ACTIVIDAD 1.1<\/td><td>TRANSFERENCIA DEL PRESUPUESTO DE EGRESOS FEDERAL FASSA RAMO 33 DE MANERA EFICIENTE Y TRANSPARENTE, PARA SUFRAGAR LOS GASTOS DE OPERACI\u00d3N Y DE CAPITAL, A FIN DE ATENDER LAS NECESIDADES DE SALUD A LA POBLACI\u00d3N<\/td><td>PORCENTAJE DE TRANSFERENCIA DEL PRESUPUESTO DE EGRESOS AUTORIZADO FEDERAL FASSA RAMO 33<\/td><td>ESTADO DEL PRESUPUESTO DE EGRESOS EJERCIDO EN SUS DIFERENTES MODALIDADES, EN EL QUE SE PUEDE MOSTRAR TODA INFORMACI\u00d3N REFERENTE A LOS RECURSOS FEDERALES FASSA RAMO 33 QUE SE TRANSFIEREN DE O.P.D SALUD DE TLAXCALA AL IMSS-BIENESTAR<\/td><td>MENSUAL<\/td><td>\u00a0<\/td><td>\u00a0<\/td><td>\u00a0<\/td><td>\u00a0<\/td><td>DIRECCI\u00d3N DE ADMINISTRACI\u00d3N<\/td><\/tr><tr><td>ACTIVIDAD 1.2<\/td><td>TRANSFERENCIA DEL PRESUPUESTO DE EGRESOS DE PARTICIPACIONES FEDERALES DE MANERA EFICIENTE Y TRANSPARENTE, PARA SUFRAGAR LOS GASTOS DE OPERACI\u00d3N Y DE CAPITAL, A FIN DE ATENDER LAS NECESIDADES DE SALUD A LA POBLACI\u00d3N<\/td><td>PORCENTAJE DE TRANSFERENCIA DEL PRESUPUESTO DE EGRESOS AUTORIZADO DE PARTICIPACIONES FEDERALES<\/td><td>ESTADO DEL PRESUPUESTO DE EGRESOS EJERCIDO EN SUS DIFERENTES MODALIDADES, EN EL QUE SE PUEDE MOSTRAR TODA LA INFORMACI\u00d3N REFRENTE A LOS RECURSOS DE PARTICIPACIONES FEDERALES QUE SE TRANSFIEREN DE O.P.D SALUD DE TLAXCALA AL IMSS-BIENESTAR<\/td><td>MENSUAL<\/td><td>\u00a0<\/td><td>\u00a0<\/td><td>\u00a0<\/td><td>\u00a0<\/td><td>DIRECCI\u00d3N DE ADMINISTRACI\u00d3N<\/td><\/tr><tr><td>ACTIVIDAD 1.3<\/td><td>TRANSFERENCIA DEL PRESUPUESTO DE EGRESOS DE PARTICIPACIONES FEDERALES, PARA PROPORCIONAR SERVICIOS DE SALUD GRATUITA A LA POBLACI\u00d3N SIN SEGURIDAD SOCIAL DE MANERA EFICIENTE Y TRANSPARENTE, PARA SUFRAGAR LOS GASTOS DE OPERACI\u00d3N Y DE CAPITAL<\/td><td>PORCENTAJE DE TRANSFERENCIA DEL PRESUPUESTO DE EGRESOS AUTORIZADO DE PARTICIPACIONES FEDERALES, PARA SERVICIOS DE SALUD GRATUITA A LA POBLACI\u00d3N SIN SEURIDAD SOCIAL<\/td><td>ESTADO DEL PRESUPUESTO DE EGRESOS EJERCIDO EN SUS DIFERENTES MODALIDADES, EN EL QUE SE PUEDE MOSTRAR LOS RECURSOS DE PARTICIPACIONES FEDERALES QUE SE TRANSFIEREN DEL O.P.D. SALUD DE TLAXCALA AL IMSS-BIENESTAR, PARA SERVICIOS DE SALUD GRATUITA A LA POBLACI\u00d3N<\/td><td>MENSUAL<\/td><td>\u00a0<\/td><td>\u00a0<\/td><td>\u00a0<\/td><td>\u00a0<\/td><td>DIRECCI\u00d3N DE ADMINISTRACI\u00d3N<\/td><\/tr><\/tbody><\/table>\t\t\t\t\t\t<\/div>\n\t\t\t\t<\/div>\n\t\t\t\t\t<\/div>\n\t\t\t\t<\/div>\n\t\t\t\t<\/div>\n\t\t","protected":false},"excerpt":{"rendered":"<p>NIVEL OBJETIVO INDICADOR MEDIOS DE VERIFICACI\u00d3N FRECUENCIA PRIMERTRIMESTRE SEGUNDOTRIMESTRE TERCERTRIMESTRES CUARTOTRIMESTRE \u00c1REA FIN CONTRIBUIR AL AUMNETO EN LA ESPERANZA DE VIDA DE LA POBLACI\u00d3N TLAXCALTECA MEDIANTE EFICIENTES MECANISMOS PARA LA PRESTACI\u00d3N DE SERVICIOS DE SALUD \u00cdNDICE DE ESPERANZA ESTATAL DE VIDA AL NACER EN LA POBLACI\u00d3N TLAXCALTECA PROYECCIONES DE POBLACI\u00d3N VIGENTES, CONAPOhttp:\/\/www.conapo.gob.mx ANUAL \u00a0 \u00a0 [&hellip;]<\/p>\n","protected":false},"author":5,"featured_media":0,"parent":0,"menu_order":0,"comment_status":"closed","ping_status":"closed","template":"","meta":{"footnotes":""},"class_list":["post-1294","page","type-page","status-publish","hentry"],"_links":{"self":[{"href":"https:\/\/metaseindicadores.saludtlax.gob.mx\/index.php\/wp-json\/wp\/v2\/pages\/1294","targetHints":{"allow":["GET"]}}],"collection":[{"href":"https:\/\/metaseindicadores.saludtlax.gob.mx\/index.php\/wp-json\/wp\/v2\/pages"}],"about":[{"href":"https:\/\/metaseindicadores.saludtlax.gob.mx\/index.php\/wp-json\/wp\/v2\/types\/page"}],"author":[{"embeddable":true,"href":"https:\/\/metaseindicadores.saludtlax.gob.mx\/index.php\/wp-json\/wp\/v2\/users\/5"}],"replies":[{"embeddable":true,"href":"https:\/\/metaseindicadores.saludtlax.gob.mx\/index.php\/wp-json\/wp\/v2\/comments?post=1294"}],"version-history":[{"count":8,"href":"https:\/\/metaseindicadores.saludtlax.gob.mx\/index.php\/wp-json\/wp\/v2\/pages\/1294\/revisions"}],"predecessor-version":[{"id":2025,"href":"https:\/\/metaseindicadores.saludtlax.gob.mx\/index.php\/wp-json\/wp\/v2\/pages\/1294\/revisions\/2025"}],"wp:attachment":[{"href":"https:\/\/metaseindicadores.saludtlax.gob.mx\/index.php\/wp-json\/wp\/v2\/media?parent=1294"}],"curies":[{"name":"wp","href":"https:\/\/api.w.org\/{rel}","templated":true}]}}